{"id":1511,"date":"2023-11-27T12:49:59","date_gmt":"2023-11-27T09:49:59","guid":{"rendered":"https:\/\/taastamisleht.dred.ee\/castnyj-klient\/elektriauto-laadija\/"},"modified":"2024-04-08T12:38:20","modified_gmt":"2024-04-08T09:38:20","slug":"zarjadnye-ustrojstva-dlja-elektromobilej","status":"publish","type":"page","link":"https:\/\/taastamisleht.dred.ee\/ru\/castnyj-klient\/zarjadnye-ustrojstva-dlja-elektromobilej\/","title":{"rendered":"\u0417\u0430\u0440\u044f\u0434\u043d\u044b\u0435 \u0443\u0441\u0442\u0440\u043e\u0439\u0441\u0442\u0432\u0430 \u0434\u043b\u044f \u044d\u043b\u0435\u043a\u0442\u0440\u043e\u043c\u043e\u0431\u0438\u043b\u0435\u0439"},"content":{"rendered":"","protected":false},"excerpt":{"rendered":"","protected":false},"author":1,"featured_media":1136,"parent":1499,"menu_order":0,"comment_status":"closed","ping_status":"closed","template":"","meta":{"footnotes":""},"class_list":["post-1511","page","type-page","status-publish","has-post-thumbnail","hentry"],"yoast_head":"<!-- This site is optimized with the Yoast SEO plugin v26.5 - https:\/\/yoast.com\/wordpress\/plugins\/seo\/ -->\n<title>\u0417\u0430\u0440\u044f\u0434\u043d\u044b\u0435 \u0443\u0441\u0442\u0440\u043e\u0439\u0441\u0442\u0432\u0430 \u0434\u043b\u044f \u044d\u043b\u0435\u043a\u0442\u0440\u043e\u043c\u043e\u0431\u0438\u043b\u0435\u0439 - Division Red<\/title>\n<meta name=\"description\" content=\"Elektriauto laadija- s\u00f5ida p\u00e4ikeseenergial! Nutikas vahelduvvoolulaadija v\u00e4hendab elektriarveid ja CO2 heitkoguseid, laadides elektriautot p\u00e4ikeseenergiaga v\u00f5i tipptundidel elektriv\u00f5rgu kaudu.\" \/>\n<meta name=\"robots\" content=\"index, follow, max-snippet:-1, max-image-preview:large, max-video-preview:-1\" \/>\n<link rel=\"canonical\" href=\"https:\/\/taastamisleht.dred.ee\/ru\/castnyj-klient\/zarjadnye-ustrojstva-dlja-elektromobilej\/\" \/>\n<meta property=\"og:locale\" content=\"ru_RU\" \/>\n<meta property=\"og:type\" content=\"article\" \/>\n<meta property=\"og:title\" content=\"\u0417\u0430\u0440\u044f\u0434\u043d\u044b\u0435 \u0443\u0441\u0442\u0440\u043e\u0439\u0441\u0442\u0432\u0430 \u0434\u043b\u044f \u044d\u043b\u0435\u043a\u0442\u0440\u043e\u043c\u043e\u0431\u0438\u043b\u0435\u0439 - Division Red\" \/>\n<meta property=\"og:description\" content=\"Elektriauto laadija- s\u00f5ida p\u00e4ikeseenergial! Nutikas vahelduvvoolulaadija v\u00e4hendab elektriarveid ja CO2 heitkoguseid, laadides elektriautot p\u00e4ikeseenergiaga v\u00f5i tipptundidel elektriv\u00f5rgu kaudu.\" \/>\n<meta property=\"og:url\" content=\"https:\/\/taastamisleht.dred.ee\/ru\/castnyj-klient\/zarjadnye-ustrojstva-dlja-elektromobilej\/\" \/>\n<meta property=\"og:site_name\" content=\"Division Red\" \/>\n<meta property=\"article:modified_time\" content=\"2024-04-08T09:38:20+00:00\" \/>\n<meta property=\"og:image\" content=\"https:\/\/taastamisleht.dred.ee\/wp-content\/uploads\/113416-Huawei-FusionCharge-AC-22-kW-Wallbox-1.jpg\" \/>\n\t<meta property=\"og:image:width\" content=\"800\" \/>\n\t<meta property=\"og:image:height\" content=\"800\" \/>\n\t<meta property=\"og:image:type\" content=\"image\/jpeg\" \/>\n<meta name=\"twitter:card\" content=\"summary_large_image\" \/>\n<meta name=\"twitter:label1\" content=\"\u041f\u0440\u0438\u043c\u0435\u0440\u043d\u043e\u0435 \u0432\u0440\u0435\u043c\u044f \u0434\u043b\u044f \u0447\u0442\u0435\u043d\u0438\u044f\" \/>\n\t<meta name=\"twitter:data1\" content=\"1 \u043c\u0438\u043d\u0443\u0442\u0430\" \/>\n<script type=\"application\/ld+json\" class=\"yoast-schema-graph\">{\"@context\":\"https:\/\/schema.org\",\"@graph\":[{\"@type\":\"WebPage\",\"@id\":\"https:\/\/taastamisleht.dred.ee\/ru\/castnyj-klient\/zarjadnye-ustrojstva-dlja-elektromobilej\/\",\"url\":\"https:\/\/taastamisleht.dred.ee\/ru\/castnyj-klient\/zarjadnye-ustrojstva-dlja-elektromobilej\/\",\"name\":\"\u0417\u0430\u0440\u044f\u0434\u043d\u044b\u0435 \u0443\u0441\u0442\u0440\u043e\u0439\u0441\u0442\u0432\u0430 \u0434\u043b\u044f \u044d\u043b\u0435\u043a\u0442\u0440\u043e\u043c\u043e\u0431\u0438\u043b\u0435\u0439 - Division Red\",\"isPartOf\":{\"@id\":\"https:\/\/taastamisleht.dred.ee\/#website\"},\"primaryImageOfPage\":{\"@id\":\"https:\/\/taastamisleht.dred.ee\/ru\/castnyj-klient\/zarjadnye-ustrojstva-dlja-elektromobilej\/#primaryimage\"},\"image\":{\"@id\":\"https:\/\/taastamisleht.dred.ee\/ru\/castnyj-klient\/zarjadnye-ustrojstva-dlja-elektromobilej\/#primaryimage\"},\"thumbnailUrl\":\"https:\/\/taastamisleht.dred.ee\/wp-content\/uploads\/113416-Huawei-FusionCharge-AC-22-kW-Wallbox-1.jpg\",\"datePublished\":\"2023-11-27T09:49:59+00:00\",\"dateModified\":\"2024-04-08T09:38:20+00:00\",\"description\":\"Elektriauto laadija- s\u00f5ida p\u00e4ikeseenergial! Nutikas vahelduvvoolulaadija v\u00e4hendab elektriarveid ja CO2 heitkoguseid, laadides elektriautot p\u00e4ikeseenergiaga v\u00f5i tipptundidel elektriv\u00f5rgu kaudu.\",\"breadcrumb\":{\"@id\":\"https:\/\/taastamisleht.dred.ee\/ru\/castnyj-klient\/zarjadnye-ustrojstva-dlja-elektromobilej\/#breadcrumb\"},\"inLanguage\":\"ru-RU\",\"potentialAction\":[{\"@type\":\"ReadAction\",\"target\":[\"https:\/\/taastamisleht.dred.ee\/ru\/castnyj-klient\/zarjadnye-ustrojstva-dlja-elektromobilej\/\"]}]},{\"@type\":\"ImageObject\",\"inLanguage\":\"ru-RU\",\"@id\":\"https:\/\/taastamisleht.dred.ee\/ru\/castnyj-klient\/zarjadnye-ustrojstva-dlja-elektromobilej\/#primaryimage\",\"url\":\"https:\/\/taastamisleht.dred.ee\/wp-content\/uploads\/113416-Huawei-FusionCharge-AC-22-kW-Wallbox-1.jpg\",\"contentUrl\":\"https:\/\/taastamisleht.dred.ee\/wp-content\/uploads\/113416-Huawei-FusionCharge-AC-22-kW-Wallbox-1.jpg\",\"width\":800,\"height\":800},{\"@type\":\"BreadcrumbList\",\"@id\":\"https:\/\/taastamisleht.dred.ee\/ru\/castnyj-klient\/zarjadnye-ustrojstva-dlja-elektromobilej\/#breadcrumb\",\"itemListElement\":[{\"@type\":\"ListItem\",\"position\":1,\"name\":\"Home\",\"item\":\"https:\/\/taastamisleht.dred.ee\/ru\/\"},{\"@type\":\"ListItem\",\"position\":2,\"name\":\"\u0427\u0430\u0441\u0442\u043d\u044b\u0439 \u043a\u043b\u0438\u0435\u043d\u0442\",\"item\":\"https:\/\/taastamisleht.dred.ee\/ru\/castnyj-klient\/\"},{\"@type\":\"ListItem\",\"position\":3,\"name\":\"\u0417\u0430\u0440\u044f\u0434\u043d\u044b\u0435 \u0443\u0441\u0442\u0440\u043e\u0439\u0441\u0442\u0432\u0430 \u0434\u043b\u044f \u044d\u043b\u0435\u043a\u0442\u0440\u043e\u043c\u043e\u0431\u0438\u043b\u0435\u0439\"}]},{\"@type\":\"WebSite\",\"@id\":\"https:\/\/taastamisleht.dred.ee\/#website\",\"url\":\"https:\/\/taastamisleht.dred.ee\/\",\"name\":\"Division Red\",\"description\":\"\",\"potentialAction\":[{\"@type\":\"SearchAction\",\"target\":{\"@type\":\"EntryPoint\",\"urlTemplate\":\"https:\/\/taastamisleht.dred.ee\/?s={search_term_string}\"},\"query-input\":{\"@type\":\"PropertyValueSpecification\",\"valueRequired\":true,\"valueName\":\"search_term_string\"}}],\"inLanguage\":\"ru-RU\"}]}<\/script>\n<!-- \/ Yoast SEO plugin. -->","yoast_head_json":{"title":"\u0417\u0430\u0440\u044f\u0434\u043d\u044b\u0435 \u0443\u0441\u0442\u0440\u043e\u0439\u0441\u0442\u0432\u0430 \u0434\u043b\u044f \u044d\u043b\u0435\u043a\u0442\u0440\u043e\u043c\u043e\u0431\u0438\u043b\u0435\u0439 - Division Red","description":"Elektriauto laadija- s\u00f5ida p\u00e4ikeseenergial! Nutikas vahelduvvoolulaadija v\u00e4hendab elektriarveid ja CO2 heitkoguseid, laadides elektriautot p\u00e4ikeseenergiaga v\u00f5i tipptundidel elektriv\u00f5rgu kaudu.","robots":{"index":"index","follow":"follow","max-snippet":"max-snippet:-1","max-image-preview":"max-image-preview:large","max-video-preview":"max-video-preview:-1"},"canonical":"https:\/\/taastamisleht.dred.ee\/ru\/castnyj-klient\/zarjadnye-ustrojstva-dlja-elektromobilej\/","og_locale":"ru_RU","og_type":"article","og_title":"\u0417\u0430\u0440\u044f\u0434\u043d\u044b\u0435 \u0443\u0441\u0442\u0440\u043e\u0439\u0441\u0442\u0432\u0430 \u0434\u043b\u044f \u044d\u043b\u0435\u043a\u0442\u0440\u043e\u043c\u043e\u0431\u0438\u043b\u0435\u0439 - Division Red","og_description":"Elektriauto laadija- s\u00f5ida p\u00e4ikeseenergial! Nutikas vahelduvvoolulaadija v\u00e4hendab elektriarveid ja CO2 heitkoguseid, laadides elektriautot p\u00e4ikeseenergiaga v\u00f5i tipptundidel elektriv\u00f5rgu kaudu.","og_url":"https:\/\/taastamisleht.dred.ee\/ru\/castnyj-klient\/zarjadnye-ustrojstva-dlja-elektromobilej\/","og_site_name":"Division Red","article_modified_time":"2024-04-08T09:38:20+00:00","og_image":[{"width":800,"height":800,"url":"https:\/\/taastamisleht.dred.ee\/wp-content\/uploads\/113416-Huawei-FusionCharge-AC-22-kW-Wallbox-1.jpg","type":"image\/jpeg"}],"twitter_card":"summary_large_image","twitter_misc":{"\u041f\u0440\u0438\u043c\u0435\u0440\u043d\u043e\u0435 \u0432\u0440\u0435\u043c\u044f \u0434\u043b\u044f \u0447\u0442\u0435\u043d\u0438\u044f":"1 \u043c\u0438\u043d\u0443\u0442\u0430"},"schema":{"@context":"https:\/\/schema.org","@graph":[{"@type":"WebPage","@id":"https:\/\/taastamisleht.dred.ee\/ru\/castnyj-klient\/zarjadnye-ustrojstva-dlja-elektromobilej\/","url":"https:\/\/taastamisleht.dred.ee\/ru\/castnyj-klient\/zarjadnye-ustrojstva-dlja-elektromobilej\/","name":"\u0417\u0430\u0440\u044f\u0434\u043d\u044b\u0435 \u0443\u0441\u0442\u0440\u043e\u0439\u0441\u0442\u0432\u0430 \u0434\u043b\u044f \u044d\u043b\u0435\u043a\u0442\u0440\u043e\u043c\u043e\u0431\u0438\u043b\u0435\u0439 - Division Red","isPartOf":{"@id":"https:\/\/taastamisleht.dred.ee\/#website"},"primaryImageOfPage":{"@id":"https:\/\/taastamisleht.dred.ee\/ru\/castnyj-klient\/zarjadnye-ustrojstva-dlja-elektromobilej\/#primaryimage"},"image":{"@id":"https:\/\/taastamisleht.dred.ee\/ru\/castnyj-klient\/zarjadnye-ustrojstva-dlja-elektromobilej\/#primaryimage"},"thumbnailUrl":"https:\/\/taastamisleht.dred.ee\/wp-content\/uploads\/113416-Huawei-FusionCharge-AC-22-kW-Wallbox-1.jpg","datePublished":"2023-11-27T09:49:59+00:00","dateModified":"2024-04-08T09:38:20+00:00","description":"Elektriauto laadija- s\u00f5ida p\u00e4ikeseenergial! Nutikas vahelduvvoolulaadija v\u00e4hendab elektriarveid ja CO2 heitkoguseid, laadides elektriautot p\u00e4ikeseenergiaga v\u00f5i tipptundidel elektriv\u00f5rgu kaudu.","breadcrumb":{"@id":"https:\/\/taastamisleht.dred.ee\/ru\/castnyj-klient\/zarjadnye-ustrojstva-dlja-elektromobilej\/#breadcrumb"},"inLanguage":"ru-RU","potentialAction":[{"@type":"ReadAction","target":["https:\/\/taastamisleht.dred.ee\/ru\/castnyj-klient\/zarjadnye-ustrojstva-dlja-elektromobilej\/"]}]},{"@type":"ImageObject","inLanguage":"ru-RU","@id":"https:\/\/taastamisleht.dred.ee\/ru\/castnyj-klient\/zarjadnye-ustrojstva-dlja-elektromobilej\/#primaryimage","url":"https:\/\/taastamisleht.dred.ee\/wp-content\/uploads\/113416-Huawei-FusionCharge-AC-22-kW-Wallbox-1.jpg","contentUrl":"https:\/\/taastamisleht.dred.ee\/wp-content\/uploads\/113416-Huawei-FusionCharge-AC-22-kW-Wallbox-1.jpg","width":800,"height":800},{"@type":"BreadcrumbList","@id":"https:\/\/taastamisleht.dred.ee\/ru\/castnyj-klient\/zarjadnye-ustrojstva-dlja-elektromobilej\/#breadcrumb","itemListElement":[{"@type":"ListItem","position":1,"name":"Home","item":"https:\/\/taastamisleht.dred.ee\/ru\/"},{"@type":"ListItem","position":2,"name":"\u0427\u0430\u0441\u0442\u043d\u044b\u0439 \u043a\u043b\u0438\u0435\u043d\u0442","item":"https:\/\/taastamisleht.dred.ee\/ru\/castnyj-klient\/"},{"@type":"ListItem","position":3,"name":"\u0417\u0430\u0440\u044f\u0434\u043d\u044b\u0435 \u0443\u0441\u0442\u0440\u043e\u0439\u0441\u0442\u0432\u0430 \u0434\u043b\u044f \u044d\u043b\u0435\u043a\u0442\u0440\u043e\u043c\u043e\u0431\u0438\u043b\u0435\u0439"}]},{"@type":"WebSite","@id":"https:\/\/taastamisleht.dred.ee\/#website","url":"https:\/\/taastamisleht.dred.ee\/","name":"Division Red","description":"","potentialAction":[{"@type":"SearchAction","target":{"@type":"EntryPoint","urlTemplate":"https:\/\/taastamisleht.dred.ee\/?s={search_term_string}"},"query-input":{"@type":"PropertyValueSpecification","valueRequired":true,"valueName":"search_term_string"}}],"inLanguage":"ru-RU"}]}},"_links":{"self":[{"href":"https:\/\/taastamisleht.dred.ee\/ru\/wp-json\/wp\/v2\/pages\/1511","targetHints":{"allow":["GET"]}}],"collection":[{"href":"https:\/\/taastamisleht.dred.ee\/ru\/wp-json\/wp\/v2\/pages"}],"about":[{"href":"https:\/\/taastamisleht.dred.ee\/ru\/wp-json\/wp\/v2\/types\/page"}],"author":[{"embeddable":true,"href":"https:\/\/taastamisleht.dred.ee\/ru\/wp-json\/wp\/v2\/users\/1"}],"replies":[{"embeddable":true,"href":"https:\/\/taastamisleht.dred.ee\/ru\/wp-json\/wp\/v2\/comments?post=1511"}],"version-history":[{"count":1,"href":"https:\/\/taastamisleht.dred.ee\/ru\/wp-json\/wp\/v2\/pages\/1511\/revisions"}],"predecessor-version":[{"id":1512,"href":"https:\/\/taastamisleht.dred.ee\/ru\/wp-json\/wp\/v2\/pages\/1511\/revisions\/1512"}],"up":[{"embeddable":true,"href":"https:\/\/taastamisleht.dred.ee\/ru\/wp-json\/wp\/v2\/pages\/1499"}],"wp:featuredmedia":[{"embeddable":true,"href":"https:\/\/taastamisleht.dred.ee\/ru\/wp-json\/wp\/v2\/media\/1136"}],"wp:attachment":[{"href":"https:\/\/taastamisleht.dred.ee\/ru\/wp-json\/wp\/v2\/media?parent=1511"}],"curies":[{"name":"wp","href":"https:\/\/api.w.org\/{rel}","templated":true}]}}