{"id":1464,"date":"2022-02-10T15:40:34","date_gmt":"2022-02-10T12:40:34","guid":{"rendered":"https:\/\/taastamisleht.dred.ee\/paigaldatud-paikeseelektrijaamad\/"},"modified":"2024-04-10T13:36:42","modified_gmt":"2024-04-10T10:36:42","slug":"obekty","status":"publish","type":"page","link":"https:\/\/taastamisleht.dred.ee\/ru\/obekty\/","title":{"rendered":"\u041e\u0431\u044a\u0435\u043a\u0442\u044b"},"content":{"rendered":"","protected":false},"excerpt":{"rendered":"","protected":false},"author":1,"featured_media":1132,"parent":0,"menu_order":0,"comment_status":"closed","ping_status":"closed","template":"","meta":{"footnotes":""},"class_list":["post-1464","page","type-page","status-publish","has-post-thumbnail","hentry"],"yoast_head":"<!-- This site is optimized with the Yoast SEO plugin v26.5 - https:\/\/yoast.com\/wordpress\/plugins\/seo\/ -->\n<title>\u041e\u0431\u044a\u0435\u043a\u0442\u044b - Paigaldatud p\u00e4ikeseelektrijaamad - Division Red<\/title>\n<meta name=\"description\" content=\"Vaata meie paigaldatud p\u00e4ikeseelektrijaamu. Paigaldus erinevatele katuset\u00fc\u00fcpidele ning maapinnale. K\u00fcsi pakkumist ja leiame Teile parima lahenduse!\" \/>\n<meta name=\"robots\" content=\"index, follow, max-snippet:-1, max-image-preview:large, max-video-preview:-1\" \/>\n<link rel=\"canonical\" href=\"https:\/\/taastamisleht.dred.ee\/ru\/obekty\/\" \/>\n<meta property=\"og:locale\" content=\"ru_RU\" \/>\n<meta property=\"og:type\" content=\"article\" \/>\n<meta property=\"og:title\" content=\"\u041e\u0431\u044a\u0435\u043a\u0442\u044b - Paigaldatud p\u00e4ikeseelektrijaamad - Division Red\" \/>\n<meta property=\"og:description\" content=\"Vaata meie paigaldatud p\u00e4ikeseelektrijaamu. Paigaldus erinevatele katuset\u00fc\u00fcpidele ning maapinnale. K\u00fcsi pakkumist ja leiame Teile parima lahenduse!\" \/>\n<meta property=\"og:url\" content=\"https:\/\/taastamisleht.dred.ee\/ru\/obekty\/\" \/>\n<meta property=\"og:site_name\" content=\"Division Red\" \/>\n<meta property=\"article:modified_time\" content=\"2024-04-10T10:36:42+00:00\" \/>\n<meta property=\"og:image\" content=\"https:\/\/taastamisleht.dred.ee\/wp-content\/uploads\/eramaja-rae-vallas-2.webp\" \/>\n\t<meta property=\"og:image:width\" content=\"1000\" \/>\n\t<meta property=\"og:image:height\" content=\"417\" \/>\n\t<meta property=\"og:image:type\" content=\"image\/webp\" \/>\n<meta name=\"twitter:card\" content=\"summary_large_image\" \/>\n<meta name=\"twitter:label1\" content=\"\u041f\u0440\u0438\u043c\u0435\u0440\u043d\u043e\u0435 \u0432\u0440\u0435\u043c\u044f \u0434\u043b\u044f \u0447\u0442\u0435\u043d\u0438\u044f\" \/>\n\t<meta name=\"twitter:data1\" content=\"1 \u043c\u0438\u043d\u0443\u0442\u0430\" \/>\n<script type=\"application\/ld+json\" class=\"yoast-schema-graph\">{\"@context\":\"https:\/\/schema.org\",\"@graph\":[{\"@type\":\"WebPage\",\"@id\":\"https:\/\/taastamisleht.dred.ee\/ru\/obekty\/\",\"url\":\"https:\/\/taastamisleht.dred.ee\/ru\/obekty\/\",\"name\":\"\u041e\u0431\u044a\u0435\u043a\u0442\u044b - Paigaldatud p\u00e4ikeseelektrijaamad - Division Red\",\"isPartOf\":{\"@id\":\"https:\/\/taastamisleht.dred.ee\/#website\"},\"primaryImageOfPage\":{\"@id\":\"https:\/\/taastamisleht.dred.ee\/ru\/obekty\/#primaryimage\"},\"image\":{\"@id\":\"https:\/\/taastamisleht.dred.ee\/ru\/obekty\/#primaryimage\"},\"thumbnailUrl\":\"https:\/\/taastamisleht.dred.ee\/wp-content\/uploads\/eramaja-rae-vallas-2.webp\",\"datePublished\":\"2022-02-10T12:40:34+00:00\",\"dateModified\":\"2024-04-10T10:36:42+00:00\",\"description\":\"Vaata meie paigaldatud p\u00e4ikeseelektrijaamu. Paigaldus erinevatele katuset\u00fc\u00fcpidele ning maapinnale. K\u00fcsi pakkumist ja leiame Teile parima lahenduse!\",\"breadcrumb\":{\"@id\":\"https:\/\/taastamisleht.dred.ee\/ru\/obekty\/#breadcrumb\"},\"inLanguage\":\"ru-RU\",\"potentialAction\":[{\"@type\":\"ReadAction\",\"target\":[\"https:\/\/taastamisleht.dred.ee\/ru\/obekty\/\"]}]},{\"@type\":\"ImageObject\",\"inLanguage\":\"ru-RU\",\"@id\":\"https:\/\/taastamisleht.dred.ee\/ru\/obekty\/#primaryimage\",\"url\":\"https:\/\/taastamisleht.dred.ee\/wp-content\/uploads\/eramaja-rae-vallas-2.webp\",\"contentUrl\":\"https:\/\/taastamisleht.dred.ee\/wp-content\/uploads\/eramaja-rae-vallas-2.webp\",\"width\":1000,\"height\":417},{\"@type\":\"BreadcrumbList\",\"@id\":\"https:\/\/taastamisleht.dred.ee\/ru\/obekty\/#breadcrumb\",\"itemListElement\":[{\"@type\":\"ListItem\",\"position\":1,\"name\":\"Home\",\"item\":\"https:\/\/taastamisleht.dred.ee\/ru\/\"},{\"@type\":\"ListItem\",\"position\":2,\"name\":\"\u041e\u0431\u044a\u0435\u043a\u0442\u044b\"}]},{\"@type\":\"WebSite\",\"@id\":\"https:\/\/taastamisleht.dred.ee\/#website\",\"url\":\"https:\/\/taastamisleht.dred.ee\/\",\"name\":\"Division Red\",\"description\":\"\",\"potentialAction\":[{\"@type\":\"SearchAction\",\"target\":{\"@type\":\"EntryPoint\",\"urlTemplate\":\"https:\/\/taastamisleht.dred.ee\/?s={search_term_string}\"},\"query-input\":{\"@type\":\"PropertyValueSpecification\",\"valueRequired\":true,\"valueName\":\"search_term_string\"}}],\"inLanguage\":\"ru-RU\"}]}<\/script>\n<!-- \/ Yoast SEO plugin. -->","yoast_head_json":{"title":"\u041e\u0431\u044a\u0435\u043a\u0442\u044b - Paigaldatud p\u00e4ikeseelektrijaamad - Division Red","description":"Vaata meie paigaldatud p\u00e4ikeseelektrijaamu. Paigaldus erinevatele katuset\u00fc\u00fcpidele ning maapinnale. K\u00fcsi pakkumist ja leiame Teile parima lahenduse!","robots":{"index":"index","follow":"follow","max-snippet":"max-snippet:-1","max-image-preview":"max-image-preview:large","max-video-preview":"max-video-preview:-1"},"canonical":"https:\/\/taastamisleht.dred.ee\/ru\/obekty\/","og_locale":"ru_RU","og_type":"article","og_title":"\u041e\u0431\u044a\u0435\u043a\u0442\u044b - Paigaldatud p\u00e4ikeseelektrijaamad - Division Red","og_description":"Vaata meie paigaldatud p\u00e4ikeseelektrijaamu. Paigaldus erinevatele katuset\u00fc\u00fcpidele ning maapinnale. K\u00fcsi pakkumist ja leiame Teile parima lahenduse!","og_url":"https:\/\/taastamisleht.dred.ee\/ru\/obekty\/","og_site_name":"Division Red","article_modified_time":"2024-04-10T10:36:42+00:00","og_image":[{"width":1000,"height":417,"url":"https:\/\/taastamisleht.dred.ee\/wp-content\/uploads\/eramaja-rae-vallas-2.webp","type":"image\/webp"}],"twitter_card":"summary_large_image","twitter_misc":{"\u041f\u0440\u0438\u043c\u0435\u0440\u043d\u043e\u0435 \u0432\u0440\u0435\u043c\u044f \u0434\u043b\u044f \u0447\u0442\u0435\u043d\u0438\u044f":"1 \u043c\u0438\u043d\u0443\u0442\u0430"},"schema":{"@context":"https:\/\/schema.org","@graph":[{"@type":"WebPage","@id":"https:\/\/taastamisleht.dred.ee\/ru\/obekty\/","url":"https:\/\/taastamisleht.dred.ee\/ru\/obekty\/","name":"\u041e\u0431\u044a\u0435\u043a\u0442\u044b - Paigaldatud p\u00e4ikeseelektrijaamad - Division Red","isPartOf":{"@id":"https:\/\/taastamisleht.dred.ee\/#website"},"primaryImageOfPage":{"@id":"https:\/\/taastamisleht.dred.ee\/ru\/obekty\/#primaryimage"},"image":{"@id":"https:\/\/taastamisleht.dred.ee\/ru\/obekty\/#primaryimage"},"thumbnailUrl":"https:\/\/taastamisleht.dred.ee\/wp-content\/uploads\/eramaja-rae-vallas-2.webp","datePublished":"2022-02-10T12:40:34+00:00","dateModified":"2024-04-10T10:36:42+00:00","description":"Vaata meie paigaldatud p\u00e4ikeseelektrijaamu. Paigaldus erinevatele katuset\u00fc\u00fcpidele ning maapinnale. K\u00fcsi pakkumist ja leiame Teile parima lahenduse!","breadcrumb":{"@id":"https:\/\/taastamisleht.dred.ee\/ru\/obekty\/#breadcrumb"},"inLanguage":"ru-RU","potentialAction":[{"@type":"ReadAction","target":["https:\/\/taastamisleht.dred.ee\/ru\/obekty\/"]}]},{"@type":"ImageObject","inLanguage":"ru-RU","@id":"https:\/\/taastamisleht.dred.ee\/ru\/obekty\/#primaryimage","url":"https:\/\/taastamisleht.dred.ee\/wp-content\/uploads\/eramaja-rae-vallas-2.webp","contentUrl":"https:\/\/taastamisleht.dred.ee\/wp-content\/uploads\/eramaja-rae-vallas-2.webp","width":1000,"height":417},{"@type":"BreadcrumbList","@id":"https:\/\/taastamisleht.dred.ee\/ru\/obekty\/#breadcrumb","itemListElement":[{"@type":"ListItem","position":1,"name":"Home","item":"https:\/\/taastamisleht.dred.ee\/ru\/"},{"@type":"ListItem","position":2,"name":"\u041e\u0431\u044a\u0435\u043a\u0442\u044b"}]},{"@type":"WebSite","@id":"https:\/\/taastamisleht.dred.ee\/#website","url":"https:\/\/taastamisleht.dred.ee\/","name":"Division Red","description":"","potentialAction":[{"@type":"SearchAction","target":{"@type":"EntryPoint","urlTemplate":"https:\/\/taastamisleht.dred.ee\/?s={search_term_string}"},"query-input":{"@type":"PropertyValueSpecification","valueRequired":true,"valueName":"search_term_string"}}],"inLanguage":"ru-RU"}]}},"_links":{"self":[{"href":"https:\/\/taastamisleht.dred.ee\/ru\/wp-json\/wp\/v2\/pages\/1464","targetHints":{"allow":["GET"]}}],"collection":[{"href":"https:\/\/taastamisleht.dred.ee\/ru\/wp-json\/wp\/v2\/pages"}],"about":[{"href":"https:\/\/taastamisleht.dred.ee\/ru\/wp-json\/wp\/v2\/types\/page"}],"author":[{"embeddable":true,"href":"https:\/\/taastamisleht.dred.ee\/ru\/wp-json\/wp\/v2\/users\/1"}],"replies":[{"embeddable":true,"href":"https:\/\/taastamisleht.dred.ee\/ru\/wp-json\/wp\/v2\/comments?post=1464"}],"version-history":[{"count":2,"href":"https:\/\/taastamisleht.dred.ee\/ru\/wp-json\/wp\/v2\/pages\/1464\/revisions"}],"predecessor-version":[{"id":1526,"href":"https:\/\/taastamisleht.dred.ee\/ru\/wp-json\/wp\/v2\/pages\/1464\/revisions\/1526"}],"wp:featuredmedia":[{"embeddable":true,"href":"https:\/\/taastamisleht.dred.ee\/ru\/wp-json\/wp\/v2\/media\/1132"}],"wp:attachment":[{"href":"https:\/\/taastamisleht.dred.ee\/ru\/wp-json\/wp\/v2\/media?parent=1464"}],"curies":[{"name":"wp","href":"https:\/\/api.w.org\/{rel}","templated":true}]}}