{"id":1229,"date":"2022-02-10T12:32:52","date_gmt":"2022-02-10T09:32:52","guid":{"rendered":"https:\/\/taastamisleht.dred.ee\/paikesepaneelid-arikliendile\/"},"modified":"2024-04-05T16:45:54","modified_gmt":"2024-04-05T13:45:54","slug":"business-client","status":"publish","type":"page","link":"https:\/\/taastamisleht.dred.ee\/en\/business-client\/","title":{"rendered":"Business client"},"content":{"rendered":"","protected":false},"excerpt":{"rendered":"","protected":false},"author":1,"featured_media":1041,"parent":0,"menu_order":0,"comment_status":"closed","ping_status":"closed","template":"","meta":{"footnotes":""},"class_list":["post-1229","page","type-page","status-publish","has-post-thumbnail","hentry"],"yoast_head":"<!-- This site is optimized with the Yoast SEO plugin v26.5 - https:\/\/yoast.com\/wordpress\/plugins\/seo\/ -->\n<title>P\u00e4ikesepaneelid \u00e4rikliendile - K\u00fcsi pakkumist!<\/title>\n<meta name=\"description\" content=\"P\u00e4ikeseenergia terviklahendused- konsultatsioon, projekteerimine, paigaldus ja hooldus. P\u00e4ikeseenergia terviklahendused \u00e4rikliendile.\" \/>\n<meta name=\"robots\" content=\"index, follow, max-snippet:-1, max-image-preview:large, max-video-preview:-1\" \/>\n<link rel=\"canonical\" href=\"https:\/\/taastamisleht.dred.ee\/en\/business-client\/\" \/>\n<meta property=\"og:locale\" content=\"en_US\" \/>\n<meta property=\"og:type\" content=\"article\" \/>\n<meta property=\"og:title\" content=\"P\u00e4ikesepaneelid \u00e4rikliendile - K\u00fcsi pakkumist!\" \/>\n<meta property=\"og:description\" content=\"P\u00e4ikeseenergia terviklahendused- konsultatsioon, projekteerimine, paigaldus ja hooldus. P\u00e4ikeseenergia terviklahendused \u00e4rikliendile.\" \/>\n<meta property=\"og:url\" content=\"https:\/\/taastamisleht.dred.ee\/en\/business-client\/\" \/>\n<meta property=\"og:site_name\" content=\"Division Red\" \/>\n<meta property=\"article:modified_time\" content=\"2024-04-05T13:45:54+00:00\" \/>\n<meta property=\"og:image\" content=\"https:\/\/taastamisleht.dred.ee\/wp-content\/uploads\/kiviprofiil-katusega-eramaja-lahendus-harjumaal-1.jpg\" \/>\n\t<meta property=\"og:image:width\" content=\"1000\" \/>\n\t<meta property=\"og:image:height\" content=\"417\" \/>\n\t<meta property=\"og:image:type\" content=\"image\/jpeg\" \/>\n<meta name=\"twitter:card\" content=\"summary_large_image\" \/>\n<meta name=\"twitter:label1\" content=\"Est. reading time\" \/>\n\t<meta name=\"twitter:data1\" content=\"1 minute\" \/>\n<script type=\"application\/ld+json\" class=\"yoast-schema-graph\">{\"@context\":\"https:\/\/schema.org\",\"@graph\":[{\"@type\":\"WebPage\",\"@id\":\"https:\/\/taastamisleht.dred.ee\/en\/business-client\/\",\"url\":\"https:\/\/taastamisleht.dred.ee\/en\/business-client\/\",\"name\":\"P\u00e4ikesepaneelid \u00e4rikliendile - K\u00fcsi pakkumist!\",\"isPartOf\":{\"@id\":\"https:\/\/taastamisleht.dred.ee\/#website\"},\"primaryImageOfPage\":{\"@id\":\"https:\/\/taastamisleht.dred.ee\/en\/business-client\/#primaryimage\"},\"image\":{\"@id\":\"https:\/\/taastamisleht.dred.ee\/en\/business-client\/#primaryimage\"},\"thumbnailUrl\":\"https:\/\/taastamisleht.dred.ee\/wp-content\/uploads\/kiviprofiil-katusega-eramaja-lahendus-harjumaal-1.jpg\",\"datePublished\":\"2022-02-10T09:32:52+00:00\",\"dateModified\":\"2024-04-05T13:45:54+00:00\",\"description\":\"P\u00e4ikeseenergia terviklahendused- konsultatsioon, projekteerimine, paigaldus ja hooldus. P\u00e4ikeseenergia terviklahendused \u00e4rikliendile.\",\"breadcrumb\":{\"@id\":\"https:\/\/taastamisleht.dred.ee\/en\/business-client\/#breadcrumb\"},\"inLanguage\":\"en-US\",\"potentialAction\":[{\"@type\":\"ReadAction\",\"target\":[\"https:\/\/taastamisleht.dred.ee\/en\/business-client\/\"]}]},{\"@type\":\"ImageObject\",\"inLanguage\":\"en-US\",\"@id\":\"https:\/\/taastamisleht.dred.ee\/en\/business-client\/#primaryimage\",\"url\":\"https:\/\/taastamisleht.dred.ee\/wp-content\/uploads\/kiviprofiil-katusega-eramaja-lahendus-harjumaal-1.jpg\",\"contentUrl\":\"https:\/\/taastamisleht.dred.ee\/wp-content\/uploads\/kiviprofiil-katusega-eramaja-lahendus-harjumaal-1.jpg\",\"width\":1000,\"height\":417},{\"@type\":\"BreadcrumbList\",\"@id\":\"https:\/\/taastamisleht.dred.ee\/en\/business-client\/#breadcrumb\",\"itemListElement\":[{\"@type\":\"ListItem\",\"position\":1,\"name\":\"Home\",\"item\":\"https:\/\/taastamisleht.dred.ee\/en\/\"},{\"@type\":\"ListItem\",\"position\":2,\"name\":\"Business client\"}]},{\"@type\":\"WebSite\",\"@id\":\"https:\/\/taastamisleht.dred.ee\/#website\",\"url\":\"https:\/\/taastamisleht.dred.ee\/\",\"name\":\"Division Red\",\"description\":\"\",\"potentialAction\":[{\"@type\":\"SearchAction\",\"target\":{\"@type\":\"EntryPoint\",\"urlTemplate\":\"https:\/\/taastamisleht.dred.ee\/?s={search_term_string}\"},\"query-input\":{\"@type\":\"PropertyValueSpecification\",\"valueRequired\":true,\"valueName\":\"search_term_string\"}}],\"inLanguage\":\"en-US\"}]}<\/script>\n<!-- \/ Yoast SEO plugin. -->","yoast_head_json":{"title":"P\u00e4ikesepaneelid \u00e4rikliendile - K\u00fcsi pakkumist!","description":"P\u00e4ikeseenergia terviklahendused- konsultatsioon, projekteerimine, paigaldus ja hooldus. P\u00e4ikeseenergia terviklahendused \u00e4rikliendile.","robots":{"index":"index","follow":"follow","max-snippet":"max-snippet:-1","max-image-preview":"max-image-preview:large","max-video-preview":"max-video-preview:-1"},"canonical":"https:\/\/taastamisleht.dred.ee\/en\/business-client\/","og_locale":"en_US","og_type":"article","og_title":"P\u00e4ikesepaneelid \u00e4rikliendile - K\u00fcsi pakkumist!","og_description":"P\u00e4ikeseenergia terviklahendused- konsultatsioon, projekteerimine, paigaldus ja hooldus. P\u00e4ikeseenergia terviklahendused \u00e4rikliendile.","og_url":"https:\/\/taastamisleht.dred.ee\/en\/business-client\/","og_site_name":"Division Red","article_modified_time":"2024-04-05T13:45:54+00:00","og_image":[{"width":1000,"height":417,"url":"https:\/\/taastamisleht.dred.ee\/wp-content\/uploads\/kiviprofiil-katusega-eramaja-lahendus-harjumaal-1.jpg","type":"image\/jpeg"}],"twitter_card":"summary_large_image","twitter_misc":{"Est. reading time":"1 minute"},"schema":{"@context":"https:\/\/schema.org","@graph":[{"@type":"WebPage","@id":"https:\/\/taastamisleht.dred.ee\/en\/business-client\/","url":"https:\/\/taastamisleht.dred.ee\/en\/business-client\/","name":"P\u00e4ikesepaneelid \u00e4rikliendile - K\u00fcsi pakkumist!","isPartOf":{"@id":"https:\/\/taastamisleht.dred.ee\/#website"},"primaryImageOfPage":{"@id":"https:\/\/taastamisleht.dred.ee\/en\/business-client\/#primaryimage"},"image":{"@id":"https:\/\/taastamisleht.dred.ee\/en\/business-client\/#primaryimage"},"thumbnailUrl":"https:\/\/taastamisleht.dred.ee\/wp-content\/uploads\/kiviprofiil-katusega-eramaja-lahendus-harjumaal-1.jpg","datePublished":"2022-02-10T09:32:52+00:00","dateModified":"2024-04-05T13:45:54+00:00","description":"P\u00e4ikeseenergia terviklahendused- konsultatsioon, projekteerimine, paigaldus ja hooldus. P\u00e4ikeseenergia terviklahendused \u00e4rikliendile.","breadcrumb":{"@id":"https:\/\/taastamisleht.dred.ee\/en\/business-client\/#breadcrumb"},"inLanguage":"en-US","potentialAction":[{"@type":"ReadAction","target":["https:\/\/taastamisleht.dred.ee\/en\/business-client\/"]}]},{"@type":"ImageObject","inLanguage":"en-US","@id":"https:\/\/taastamisleht.dred.ee\/en\/business-client\/#primaryimage","url":"https:\/\/taastamisleht.dred.ee\/wp-content\/uploads\/kiviprofiil-katusega-eramaja-lahendus-harjumaal-1.jpg","contentUrl":"https:\/\/taastamisleht.dred.ee\/wp-content\/uploads\/kiviprofiil-katusega-eramaja-lahendus-harjumaal-1.jpg","width":1000,"height":417},{"@type":"BreadcrumbList","@id":"https:\/\/taastamisleht.dred.ee\/en\/business-client\/#breadcrumb","itemListElement":[{"@type":"ListItem","position":1,"name":"Home","item":"https:\/\/taastamisleht.dred.ee\/en\/"},{"@type":"ListItem","position":2,"name":"Business client"}]},{"@type":"WebSite","@id":"https:\/\/taastamisleht.dred.ee\/#website","url":"https:\/\/taastamisleht.dred.ee\/","name":"Division Red","description":"","potentialAction":[{"@type":"SearchAction","target":{"@type":"EntryPoint","urlTemplate":"https:\/\/taastamisleht.dred.ee\/?s={search_term_string}"},"query-input":{"@type":"PropertyValueSpecification","valueRequired":true,"valueName":"search_term_string"}}],"inLanguage":"en-US"}]}},"_links":{"self":[{"href":"https:\/\/taastamisleht.dred.ee\/en\/wp-json\/wp\/v2\/pages\/1229","targetHints":{"allow":["GET"]}}],"collection":[{"href":"https:\/\/taastamisleht.dred.ee\/en\/wp-json\/wp\/v2\/pages"}],"about":[{"href":"https:\/\/taastamisleht.dred.ee\/en\/wp-json\/wp\/v2\/types\/page"}],"author":[{"embeddable":true,"href":"https:\/\/taastamisleht.dred.ee\/en\/wp-json\/wp\/v2\/users\/1"}],"replies":[{"embeddable":true,"href":"https:\/\/taastamisleht.dred.ee\/en\/wp-json\/wp\/v2\/comments?post=1229"}],"version-history":[{"count":2,"href":"https:\/\/taastamisleht.dred.ee\/en\/wp-json\/wp\/v2\/pages\/1229\/revisions"}],"predecessor-version":[{"id":1231,"href":"https:\/\/taastamisleht.dred.ee\/en\/wp-json\/wp\/v2\/pages\/1229\/revisions\/1231"}],"wp:featuredmedia":[{"embeddable":true,"href":"https:\/\/taastamisleht.dred.ee\/en\/wp-json\/wp\/v2\/media\/1041"}],"wp:attachment":[{"href":"https:\/\/taastamisleht.dred.ee\/en\/wp-json\/wp\/v2\/media?parent=1229"}],"curies":[{"name":"wp","href":"https:\/\/api.w.org\/{rel}","templated":true}]}}