{"id":1210,"date":"2022-12-16T17:44:56","date_gmt":"2022-12-16T14:44:56","guid":{"rendered":"https:\/\/taastamisleht.dred.ee\/paikesepaneelide-paigaldaja\/"},"modified":"2024-04-08T09:06:16","modified_gmt":"2024-04-08T06:06:16","slug":"contact","status":"publish","type":"page","link":"https:\/\/taastamisleht.dred.ee\/en\/contact\/","title":{"rendered":"Contact"},"content":{"rendered":"","protected":false},"excerpt":{"rendered":"","protected":false},"author":1,"featured_media":1057,"parent":0,"menu_order":0,"comment_status":"closed","ping_status":"closed","template":"","meta":{"footnotes":""},"class_list":["post-1210","page","type-page","status-publish","has-post-thumbnail","hentry"],"yoast_head":"<!-- This site is optimized with the Yoast SEO plugin v26.5 - https:\/\/yoast.com\/wordpress\/plugins\/seo\/ -->\n<title>Contact - K\u00fcsi pakkumist! - P\u00e4ikesepaneelide paigaldaja \u00fcle Eesti!<\/title>\n<meta name=\"description\" content=\"K\u00fcsi hinnapakkumist v\u00f5i konsultatsiooni ja me vastame esimesel v\u00f5imalusel. P\u00e4ikesepaneelide paigaldus katusele ja maapinnale. V\u00f5tmed k\u00e4tte lahendus!\" \/>\n<meta name=\"robots\" content=\"index, follow, max-snippet:-1, max-image-preview:large, max-video-preview:-1\" \/>\n<link rel=\"canonical\" href=\"https:\/\/taastamisleht.dred.ee\/en\/contact\/\" \/>\n<meta property=\"og:locale\" content=\"en_US\" \/>\n<meta property=\"og:type\" content=\"article\" \/>\n<meta property=\"og:title\" content=\"Contact - K\u00fcsi pakkumist! - P\u00e4ikesepaneelide paigaldaja \u00fcle Eesti!\" \/>\n<meta property=\"og:description\" content=\"K\u00fcsi hinnapakkumist v\u00f5i konsultatsiooni ja me vastame esimesel v\u00f5imalusel. P\u00e4ikesepaneelide paigaldus katusele ja maapinnale. V\u00f5tmed k\u00e4tte lahendus!\" \/>\n<meta property=\"og:url\" content=\"https:\/\/taastamisleht.dred.ee\/en\/contact\/\" \/>\n<meta property=\"og:site_name\" content=\"Division Red\" \/>\n<meta property=\"article:modified_time\" content=\"2024-04-08T06:06:16+00:00\" \/>\n<meta property=\"og:image\" content=\"https:\/\/taastamisleht.dred.ee\/wp-content\/uploads\/home-center-bg.jpg\" \/>\n\t<meta property=\"og:image:width\" content=\"1920\" \/>\n\t<meta property=\"og:image:height\" content=\"1323\" \/>\n\t<meta property=\"og:image:type\" content=\"image\/jpeg\" \/>\n<meta name=\"twitter:card\" content=\"summary_large_image\" \/>\n<meta name=\"twitter:label1\" content=\"Est. reading time\" \/>\n\t<meta name=\"twitter:data1\" content=\"1 minute\" \/>\n<script type=\"application\/ld+json\" class=\"yoast-schema-graph\">{\"@context\":\"https:\/\/schema.org\",\"@graph\":[{\"@type\":\"WebPage\",\"@id\":\"https:\/\/taastamisleht.dred.ee\/en\/contact\/\",\"url\":\"https:\/\/taastamisleht.dred.ee\/en\/contact\/\",\"name\":\"Contact - K\u00fcsi pakkumist! - P\u00e4ikesepaneelide paigaldaja \u00fcle Eesti!\",\"isPartOf\":{\"@id\":\"https:\/\/taastamisleht.dred.ee\/#website\"},\"primaryImageOfPage\":{\"@id\":\"https:\/\/taastamisleht.dred.ee\/en\/contact\/#primaryimage\"},\"image\":{\"@id\":\"https:\/\/taastamisleht.dred.ee\/en\/contact\/#primaryimage\"},\"thumbnailUrl\":\"https:\/\/taastamisleht.dred.ee\/wp-content\/uploads\/home-center-bg.jpg\",\"datePublished\":\"2022-12-16T14:44:56+00:00\",\"dateModified\":\"2024-04-08T06:06:16+00:00\",\"description\":\"K\u00fcsi hinnapakkumist v\u00f5i konsultatsiooni ja me vastame esimesel v\u00f5imalusel. P\u00e4ikesepaneelide paigaldus katusele ja maapinnale. V\u00f5tmed k\u00e4tte lahendus!\",\"breadcrumb\":{\"@id\":\"https:\/\/taastamisleht.dred.ee\/en\/contact\/#breadcrumb\"},\"inLanguage\":\"en-US\",\"potentialAction\":[{\"@type\":\"ReadAction\",\"target\":[\"https:\/\/taastamisleht.dred.ee\/en\/contact\/\"]}]},{\"@type\":\"ImageObject\",\"inLanguage\":\"en-US\",\"@id\":\"https:\/\/taastamisleht.dred.ee\/en\/contact\/#primaryimage\",\"url\":\"https:\/\/taastamisleht.dred.ee\/wp-content\/uploads\/home-center-bg.jpg\",\"contentUrl\":\"https:\/\/taastamisleht.dred.ee\/wp-content\/uploads\/home-center-bg.jpg\",\"width\":1920,\"height\":1323},{\"@type\":\"BreadcrumbList\",\"@id\":\"https:\/\/taastamisleht.dred.ee\/en\/contact\/#breadcrumb\",\"itemListElement\":[{\"@type\":\"ListItem\",\"position\":1,\"name\":\"Home\",\"item\":\"https:\/\/taastamisleht.dred.ee\/en\/\"},{\"@type\":\"ListItem\",\"position\":2,\"name\":\"Contact\"}]},{\"@type\":\"WebSite\",\"@id\":\"https:\/\/taastamisleht.dred.ee\/#website\",\"url\":\"https:\/\/taastamisleht.dred.ee\/\",\"name\":\"Division Red\",\"description\":\"\",\"potentialAction\":[{\"@type\":\"SearchAction\",\"target\":{\"@type\":\"EntryPoint\",\"urlTemplate\":\"https:\/\/taastamisleht.dred.ee\/?s={search_term_string}\"},\"query-input\":{\"@type\":\"PropertyValueSpecification\",\"valueRequired\":true,\"valueName\":\"search_term_string\"}}],\"inLanguage\":\"en-US\"}]}<\/script>\n<!-- \/ Yoast SEO plugin. -->","yoast_head_json":{"title":"Contact - K\u00fcsi pakkumist! - P\u00e4ikesepaneelide paigaldaja \u00fcle Eesti!","description":"K\u00fcsi hinnapakkumist v\u00f5i konsultatsiooni ja me vastame esimesel v\u00f5imalusel. P\u00e4ikesepaneelide paigaldus katusele ja maapinnale. V\u00f5tmed k\u00e4tte lahendus!","robots":{"index":"index","follow":"follow","max-snippet":"max-snippet:-1","max-image-preview":"max-image-preview:large","max-video-preview":"max-video-preview:-1"},"canonical":"https:\/\/taastamisleht.dred.ee\/en\/contact\/","og_locale":"en_US","og_type":"article","og_title":"Contact - K\u00fcsi pakkumist! - P\u00e4ikesepaneelide paigaldaja \u00fcle Eesti!","og_description":"K\u00fcsi hinnapakkumist v\u00f5i konsultatsiooni ja me vastame esimesel v\u00f5imalusel. P\u00e4ikesepaneelide paigaldus katusele ja maapinnale. V\u00f5tmed k\u00e4tte lahendus!","og_url":"https:\/\/taastamisleht.dred.ee\/en\/contact\/","og_site_name":"Division Red","article_modified_time":"2024-04-08T06:06:16+00:00","og_image":[{"width":1920,"height":1323,"url":"https:\/\/taastamisleht.dred.ee\/wp-content\/uploads\/home-center-bg.jpg","type":"image\/jpeg"}],"twitter_card":"summary_large_image","twitter_misc":{"Est. reading time":"1 minute"},"schema":{"@context":"https:\/\/schema.org","@graph":[{"@type":"WebPage","@id":"https:\/\/taastamisleht.dred.ee\/en\/contact\/","url":"https:\/\/taastamisleht.dred.ee\/en\/contact\/","name":"Contact - K\u00fcsi pakkumist! - P\u00e4ikesepaneelide paigaldaja \u00fcle Eesti!","isPartOf":{"@id":"https:\/\/taastamisleht.dred.ee\/#website"},"primaryImageOfPage":{"@id":"https:\/\/taastamisleht.dred.ee\/en\/contact\/#primaryimage"},"image":{"@id":"https:\/\/taastamisleht.dred.ee\/en\/contact\/#primaryimage"},"thumbnailUrl":"https:\/\/taastamisleht.dred.ee\/wp-content\/uploads\/home-center-bg.jpg","datePublished":"2022-12-16T14:44:56+00:00","dateModified":"2024-04-08T06:06:16+00:00","description":"K\u00fcsi hinnapakkumist v\u00f5i konsultatsiooni ja me vastame esimesel v\u00f5imalusel. P\u00e4ikesepaneelide paigaldus katusele ja maapinnale. V\u00f5tmed k\u00e4tte lahendus!","breadcrumb":{"@id":"https:\/\/taastamisleht.dred.ee\/en\/contact\/#breadcrumb"},"inLanguage":"en-US","potentialAction":[{"@type":"ReadAction","target":["https:\/\/taastamisleht.dred.ee\/en\/contact\/"]}]},{"@type":"ImageObject","inLanguage":"en-US","@id":"https:\/\/taastamisleht.dred.ee\/en\/contact\/#primaryimage","url":"https:\/\/taastamisleht.dred.ee\/wp-content\/uploads\/home-center-bg.jpg","contentUrl":"https:\/\/taastamisleht.dred.ee\/wp-content\/uploads\/home-center-bg.jpg","width":1920,"height":1323},{"@type":"BreadcrumbList","@id":"https:\/\/taastamisleht.dred.ee\/en\/contact\/#breadcrumb","itemListElement":[{"@type":"ListItem","position":1,"name":"Home","item":"https:\/\/taastamisleht.dred.ee\/en\/"},{"@type":"ListItem","position":2,"name":"Contact"}]},{"@type":"WebSite","@id":"https:\/\/taastamisleht.dred.ee\/#website","url":"https:\/\/taastamisleht.dred.ee\/","name":"Division Red","description":"","potentialAction":[{"@type":"SearchAction","target":{"@type":"EntryPoint","urlTemplate":"https:\/\/taastamisleht.dred.ee\/?s={search_term_string}"},"query-input":{"@type":"PropertyValueSpecification","valueRequired":true,"valueName":"search_term_string"}}],"inLanguage":"en-US"}]}},"_links":{"self":[{"href":"https:\/\/taastamisleht.dred.ee\/en\/wp-json\/wp\/v2\/pages\/1210","targetHints":{"allow":["GET"]}}],"collection":[{"href":"https:\/\/taastamisleht.dred.ee\/en\/wp-json\/wp\/v2\/pages"}],"about":[{"href":"https:\/\/taastamisleht.dred.ee\/en\/wp-json\/wp\/v2\/types\/page"}],"author":[{"embeddable":true,"href":"https:\/\/taastamisleht.dred.ee\/en\/wp-json\/wp\/v2\/users\/1"}],"replies":[{"embeddable":true,"href":"https:\/\/taastamisleht.dred.ee\/en\/wp-json\/wp\/v2\/comments?post=1210"}],"version-history":[{"count":2,"href":"https:\/\/taastamisleht.dred.ee\/en\/wp-json\/wp\/v2\/pages\/1210\/revisions"}],"predecessor-version":[{"id":1212,"href":"https:\/\/taastamisleht.dred.ee\/en\/wp-json\/wp\/v2\/pages\/1210\/revisions\/1212"}],"wp:featuredmedia":[{"embeddable":true,"href":"https:\/\/taastamisleht.dred.ee\/en\/wp-json\/wp\/v2\/media\/1057"}],"wp:attachment":[{"href":"https:\/\/taastamisleht.dred.ee\/en\/wp-json\/wp\/v2\/media?parent=1210"}],"curies":[{"name":"wp","href":"https:\/\/api.w.org\/{rel}","templated":true}]}}