{"id":1207,"date":"2022-02-10T15:20:32","date_gmt":"2022-02-10T12:20:32","guid":{"rendered":"https:\/\/taastamisleht.dred.ee\/paikesepaneelide-paigaldus\/"},"modified":"2024-12-05T14:41:12","modified_gmt":"2024-12-05T11:41:12","slug":"paikesepaneelide-paigaldus","status":"publish","type":"page","link":"https:\/\/taastamisleht.dred.ee\/en\/","title":{"rendered":"Home"},"content":{"rendered":"","protected":false},"excerpt":{"rendered":"","protected":false},"author":1,"featured_media":1115,"parent":0,"menu_order":0,"comment_status":"closed","ping_status":"closed","template":"","meta":{"footnotes":""},"class_list":["post-1207","page","type-page","status-publish","has-post-thumbnail","hentry"],"yoast_head":"<!-- This site is optimized with the Yoast SEO plugin v26.5 - https:\/\/yoast.com\/wordpress\/plugins\/seo\/ -->\n<title>P\u00e4ikesepaneelide paigaldus - v\u00f5tmed k\u00e4tte lahendused!<\/title>\n<meta name=\"description\" content=\"P\u00e4ikesepaneelide m\u00fc\u00fck, paigaldus, hooldus, monitooring ja videovalve. P\u00e4ike sinu rahakotis! K\u00fcsi pakkumist v\u00f5i konsultatsiooni!\" \/>\n<meta name=\"robots\" content=\"index, follow, max-snippet:-1, max-image-preview:large, max-video-preview:-1\" \/>\n<link rel=\"canonical\" href=\"https:\/\/taastamisleht.dred.ee\/en\/\" \/>\n<meta property=\"og:locale\" content=\"en_US\" \/>\n<meta property=\"og:type\" content=\"article\" \/>\n<meta property=\"og:title\" content=\"P\u00e4ikesepaneelide paigaldus - v\u00f5tmed k\u00e4tte lahendused!\" \/>\n<meta property=\"og:description\" content=\"P\u00e4ikesepaneelide m\u00fc\u00fck, paigaldus, hooldus, monitooring ja videovalve. P\u00e4ike sinu rahakotis! K\u00fcsi pakkumist v\u00f5i konsultatsiooni!\" \/>\n<meta property=\"og:url\" content=\"https:\/\/taastamisleht.dred.ee\/en\/\" \/>\n<meta property=\"og:site_name\" content=\"Division Red\" \/>\n<meta property=\"article:modified_time\" content=\"2024-12-05T11:41:12+00:00\" \/>\n<meta property=\"og:image\" content=\"https:\/\/taastamisleht.dred.ee\/wp-content\/uploads\/ridaealmu-peetris.webp\" \/>\n\t<meta property=\"og:image:width\" content=\"1000\" \/>\n\t<meta property=\"og:image:height\" content=\"417\" \/>\n\t<meta property=\"og:image:type\" content=\"image\/webp\" \/>\n<meta name=\"twitter:card\" content=\"summary_large_image\" \/>\n<meta name=\"twitter:label1\" content=\"Est. reading time\" \/>\n\t<meta name=\"twitter:data1\" content=\"1 minute\" \/>\n<script type=\"application\/ld+json\" class=\"yoast-schema-graph\">{\"@context\":\"https:\/\/schema.org\",\"@graph\":[{\"@type\":\"WebPage\",\"@id\":\"https:\/\/taastamisleht.dred.ee\/en\/\",\"url\":\"https:\/\/taastamisleht.dred.ee\/en\/\",\"name\":\"P\u00e4ikesepaneelide paigaldus - v\u00f5tmed k\u00e4tte lahendused!\",\"isPartOf\":{\"@id\":\"https:\/\/taastamisleht.dred.ee\/#website\"},\"primaryImageOfPage\":{\"@id\":\"https:\/\/taastamisleht.dred.ee\/en\/#primaryimage\"},\"image\":{\"@id\":\"https:\/\/taastamisleht.dred.ee\/en\/#primaryimage\"},\"thumbnailUrl\":\"https:\/\/taastamisleht.dred.ee\/wp-content\/uploads\/ridaealmu-peetris.webp\",\"datePublished\":\"2022-02-10T12:20:32+00:00\",\"dateModified\":\"2024-12-05T11:41:12+00:00\",\"description\":\"P\u00e4ikesepaneelide m\u00fc\u00fck, paigaldus, hooldus, monitooring ja videovalve. P\u00e4ike sinu rahakotis! K\u00fcsi pakkumist v\u00f5i konsultatsiooni!\",\"breadcrumb\":{\"@id\":\"https:\/\/taastamisleht.dred.ee\/en\/#breadcrumb\"},\"inLanguage\":\"en-US\",\"potentialAction\":[{\"@type\":\"ReadAction\",\"target\":[\"https:\/\/taastamisleht.dred.ee\/en\/\"]}]},{\"@type\":\"ImageObject\",\"inLanguage\":\"en-US\",\"@id\":\"https:\/\/taastamisleht.dred.ee\/en\/#primaryimage\",\"url\":\"https:\/\/taastamisleht.dred.ee\/wp-content\/uploads\/ridaealmu-peetris.webp\",\"contentUrl\":\"https:\/\/taastamisleht.dred.ee\/wp-content\/uploads\/ridaealmu-peetris.webp\",\"width\":1000,\"height\":417},{\"@type\":\"BreadcrumbList\",\"@id\":\"https:\/\/taastamisleht.dred.ee\/en\/#breadcrumb\",\"itemListElement\":[{\"@type\":\"ListItem\",\"position\":1,\"name\":\"Home\",\"item\":\"https:\/\/taastamisleht.dred.ee\/en\/\"},{\"@type\":\"ListItem\",\"position\":2,\"name\":\"Home\"}]},{\"@type\":\"WebSite\",\"@id\":\"https:\/\/taastamisleht.dred.ee\/#website\",\"url\":\"https:\/\/taastamisleht.dred.ee\/\",\"name\":\"Division Red\",\"description\":\"\",\"potentialAction\":[{\"@type\":\"SearchAction\",\"target\":{\"@type\":\"EntryPoint\",\"urlTemplate\":\"https:\/\/taastamisleht.dred.ee\/?s={search_term_string}\"},\"query-input\":{\"@type\":\"PropertyValueSpecification\",\"valueRequired\":true,\"valueName\":\"search_term_string\"}}],\"inLanguage\":\"en-US\"}]}<\/script>\n<!-- \/ Yoast SEO plugin. -->","yoast_head_json":{"title":"P\u00e4ikesepaneelide paigaldus - v\u00f5tmed k\u00e4tte lahendused!","description":"P\u00e4ikesepaneelide m\u00fc\u00fck, paigaldus, hooldus, monitooring ja videovalve. P\u00e4ike sinu rahakotis! K\u00fcsi pakkumist v\u00f5i konsultatsiooni!","robots":{"index":"index","follow":"follow","max-snippet":"max-snippet:-1","max-image-preview":"max-image-preview:large","max-video-preview":"max-video-preview:-1"},"canonical":"https:\/\/taastamisleht.dred.ee\/en\/","og_locale":"en_US","og_type":"article","og_title":"P\u00e4ikesepaneelide paigaldus - v\u00f5tmed k\u00e4tte lahendused!","og_description":"P\u00e4ikesepaneelide m\u00fc\u00fck, paigaldus, hooldus, monitooring ja videovalve. P\u00e4ike sinu rahakotis! K\u00fcsi pakkumist v\u00f5i konsultatsiooni!","og_url":"https:\/\/taastamisleht.dred.ee\/en\/","og_site_name":"Division Red","article_modified_time":"2024-12-05T11:41:12+00:00","og_image":[{"width":1000,"height":417,"url":"https:\/\/taastamisleht.dred.ee\/wp-content\/uploads\/ridaealmu-peetris.webp","type":"image\/webp"}],"twitter_card":"summary_large_image","twitter_misc":{"Est. reading time":"1 minute"},"schema":{"@context":"https:\/\/schema.org","@graph":[{"@type":"WebPage","@id":"https:\/\/taastamisleht.dred.ee\/en\/","url":"https:\/\/taastamisleht.dred.ee\/en\/","name":"P\u00e4ikesepaneelide paigaldus - v\u00f5tmed k\u00e4tte lahendused!","isPartOf":{"@id":"https:\/\/taastamisleht.dred.ee\/#website"},"primaryImageOfPage":{"@id":"https:\/\/taastamisleht.dred.ee\/en\/#primaryimage"},"image":{"@id":"https:\/\/taastamisleht.dred.ee\/en\/#primaryimage"},"thumbnailUrl":"https:\/\/taastamisleht.dred.ee\/wp-content\/uploads\/ridaealmu-peetris.webp","datePublished":"2022-02-10T12:20:32+00:00","dateModified":"2024-12-05T11:41:12+00:00","description":"P\u00e4ikesepaneelide m\u00fc\u00fck, paigaldus, hooldus, monitooring ja videovalve. P\u00e4ike sinu rahakotis! K\u00fcsi pakkumist v\u00f5i konsultatsiooni!","breadcrumb":{"@id":"https:\/\/taastamisleht.dred.ee\/en\/#breadcrumb"},"inLanguage":"en-US","potentialAction":[{"@type":"ReadAction","target":["https:\/\/taastamisleht.dred.ee\/en\/"]}]},{"@type":"ImageObject","inLanguage":"en-US","@id":"https:\/\/taastamisleht.dred.ee\/en\/#primaryimage","url":"https:\/\/taastamisleht.dred.ee\/wp-content\/uploads\/ridaealmu-peetris.webp","contentUrl":"https:\/\/taastamisleht.dred.ee\/wp-content\/uploads\/ridaealmu-peetris.webp","width":1000,"height":417},{"@type":"BreadcrumbList","@id":"https:\/\/taastamisleht.dred.ee\/en\/#breadcrumb","itemListElement":[{"@type":"ListItem","position":1,"name":"Home","item":"https:\/\/taastamisleht.dred.ee\/en\/"},{"@type":"ListItem","position":2,"name":"Home"}]},{"@type":"WebSite","@id":"https:\/\/taastamisleht.dred.ee\/#website","url":"https:\/\/taastamisleht.dred.ee\/","name":"Division Red","description":"","potentialAction":[{"@type":"SearchAction","target":{"@type":"EntryPoint","urlTemplate":"https:\/\/taastamisleht.dred.ee\/?s={search_term_string}"},"query-input":{"@type":"PropertyValueSpecification","valueRequired":true,"valueName":"search_term_string"}}],"inLanguage":"en-US"}]}},"_links":{"self":[{"href":"https:\/\/taastamisleht.dred.ee\/en\/wp-json\/wp\/v2\/pages\/1207","targetHints":{"allow":["GET"]}}],"collection":[{"href":"https:\/\/taastamisleht.dred.ee\/en\/wp-json\/wp\/v2\/pages"}],"about":[{"href":"https:\/\/taastamisleht.dred.ee\/en\/wp-json\/wp\/v2\/types\/page"}],"author":[{"embeddable":true,"href":"https:\/\/taastamisleht.dred.ee\/en\/wp-json\/wp\/v2\/users\/1"}],"replies":[{"embeddable":true,"href":"https:\/\/taastamisleht.dred.ee\/en\/wp-json\/wp\/v2\/comments?post=1207"}],"version-history":[{"count":2,"href":"https:\/\/taastamisleht.dred.ee\/en\/wp-json\/wp\/v2\/pages\/1207\/revisions"}],"predecessor-version":[{"id":1209,"href":"https:\/\/taastamisleht.dred.ee\/en\/wp-json\/wp\/v2\/pages\/1207\/revisions\/1209"}],"wp:featuredmedia":[{"embeddable":true,"href":"https:\/\/taastamisleht.dred.ee\/en\/wp-json\/wp\/v2\/media\/1115"}],"wp:attachment":[{"href":"https:\/\/taastamisleht.dred.ee\/en\/wp-json\/wp\/v2\/media?parent=1207"}],"curies":[{"name":"wp","href":"https:\/\/api.w.org\/{rel}","templated":true}]}}